{"id":3959,"date":"2025-11-02T11:50:54","date_gmt":"2025-11-02T11:50:54","guid":{"rendered":"https:\/\/chevap.hr\/?page_id=3959"},"modified":"2025-12-12T14:54:22","modified_gmt":"2025-12-12T14:54:22","slug":"lokacije","status":"publish","type":"page","link":"https:\/\/chevap.hr\/en\/lokacije\/","title":{"rendered":"Locations"},"content":{"rendered":"<div data-elementor-type=\"wp-page\" data-elementor-id=\"3959\" class=\"elementor elementor-3959\">\n\t\t\t\t<div class=\"elementor-element elementor-element-db1ff7f e-flex e-con-boxed e-con e-parent\" data-id=\"db1ff7f\" data-element_type=\"container\" data-e-type=\"container\" data-settings=\"{&quot;background_background&quot;:&quot;classic&quot;}\">\n\t\t\t\t\t<div class=\"e-con-inner\">\n\t\t<div class=\"elementor-element elementor-element-86d449f e-con-full e-flex e-con e-child\" data-id=\"86d449f\" data-element_type=\"container\" data-e-type=\"container\" data-settings=\"{&quot;background_background&quot;:&quot;classic&quot;}\">\n\t\t\t\t<div class=\"elementor-element elementor-element-412305f elementor-widget elementor-widget-heading\" data-id=\"412305f\" data-element_type=\"widget\" data-e-type=\"widget\" data-widget_type=\"heading.default\">\n\t\t\t\t<div class=\"elementor-widget-container\">\n\t\t\t\t\t<h1 class=\"elementor-heading-title elementor-size-default\">Locations<\/h1>\t\t\t\t<\/div>\n\t\t\t\t<\/div>\n\t\t\t\t<\/div>\n\t\t\t\t\t<\/div>\n\t\t\t\t<\/div>\n\t\t<div class=\"elementor-element elementor-element-6c68889 e-flex e-con-boxed e-con e-parent\" data-id=\"6c68889\" data-element_type=\"container\" data-e-type=\"container\" data-settings=\"{&quot;background_background&quot;:&quot;classic&quot;}\">\n\t\t\t\t\t<div class=\"e-con-inner\">\n\t\t\t\t<div class=\"elementor-element elementor-element-e9b68b8 elementor-widget elementor-widget-text-editor\" data-id=\"e9b68b8\" data-element_type=\"widget\" data-e-type=\"widget\" data-widget_type=\"text-editor.default\">\n\t\t\t\t<div class=\"elementor-widget-container\">\n\t\t\t\t\t\t\t\t\t<p>Find our flavors at several locations! Each venue combines homemade recipes with fresh ingredients, so you can enjoy authentic \u0107evapi, quick bites, and a welcoming atmosphere at every location.<\/p>\t\t\t\t\t\t\t\t<\/div>\n\t\t\t\t<\/div>\n\t\t\t\t\t<\/div>\n\t\t\t\t<\/div>\n\t\t<div class=\"elementor-element elementor-element-7c9056c e-flex e-con-boxed e-con e-parent\" data-id=\"7c9056c\" data-element_type=\"container\" data-e-type=\"container\" data-settings=\"{&quot;background_background&quot;:&quot;classic&quot;}\">\n\t\t\t\t\t<div class=\"e-con-inner\">\n\t\t<div class=\"elementor-element elementor-element-cf214c1 e-con-full e-flex e-con e-child\" data-id=\"cf214c1\" data-element_type=\"container\" data-e-type=\"container\">\n\t\t<div class=\"elementor-element elementor-element-e22d238 e-con-full e-flex e-con e-child\" data-id=\"e22d238\" data-element_type=\"container\" data-e-type=\"container\" data-settings=\"{&quot;background_background&quot;:&quot;classic&quot;}\">\n\t\t\t\t<div class=\"elementor-element elementor-element-51a241f elementor-widget__width-initial elementor-widget elementor-widget-heading\" data-id=\"51a241f\" data-element_type=\"widget\" data-e-type=\"widget\" data-widget_type=\"heading.default\">\n\t\t\t\t<div class=\"elementor-widget-container\">\n\t\t\t\t\t<span class=\"elementor-heading-title elementor-size-default\">HOUSE<\/span>\t\t\t\t<\/div>\n\t\t\t\t<\/div>\n\t\t\t\t<div class=\"elementor-element elementor-element-5c8a780 elementor-widget elementor-widget-heading\" data-id=\"5c8a780\" data-element_type=\"widget\" data-e-type=\"widget\" data-widget_type=\"heading.default\">\n\t\t\t\t<div class=\"elementor-widget-container\">\n\t\t\t\t\t<h2 class=\"elementor-heading-title elementor-size-default\">Stro\u017eanac<\/h2>\t\t\t\t<\/div>\n\t\t\t\t<\/div>\n\t\t\t\t<div class=\"elementor-element elementor-element-6fe778b elementor-widget elementor-widget-text-editor\" data-id=\"6fe778b\" data-element_type=\"widget\" data-e-type=\"widget\" data-widget_type=\"text-editor.default\">\n\t\t\t\t<div class=\"elementor-widget-container\">\n\t\t\t\t\t\t\t\t\t<p><strong>Address<\/strong>:\u00a0Jurasova ul 1, Podstrana 21312<\/p><p><strong>Contact<\/strong>: <a href=\"tel:+385995360811\">+385 99 536 0811<\/a><\/p><p><strong>Working hours: <\/strong>Monday - Sunday: 11:00 - 23:00<\/p>\t\t\t\t\t\t\t\t<\/div>\n\t\t\t\t<\/div>\n\t\t\t\t<\/div>\n\t\t\t\t<\/div>\n\t\t<div class=\"elementor-element elementor-element-04b3e96 e-con-full e-flex e-con e-child\" data-id=\"04b3e96\" data-element_type=\"container\" data-e-type=\"container\">\n\t\t<div class=\"elementor-element elementor-element-7332cb8 e-con-full e-flex e-con e-child\" data-id=\"7332cb8\" data-element_type=\"container\" data-e-type=\"container\" data-settings=\"{&quot;background_background&quot;:&quot;classic&quot;}\">\n\t\t\t\t<div class=\"elementor-element elementor-element-dd14de2 elementor-widget__width-initial elementor-widget elementor-widget-heading\" data-id=\"dd14de2\" data-element_type=\"widget\" data-e-type=\"widget\" data-widget_type=\"heading.default\">\n\t\t\t\t<div class=\"elementor-widget-container\">\n\t\t\t\t\t<span class=\"elementor-heading-title elementor-size-default\">BAR<\/span>\t\t\t\t<\/div>\n\t\t\t\t<\/div>\n\t\t\t\t<div class=\"elementor-element elementor-element-58b4a23 elementor-widget elementor-widget-heading\" data-id=\"58b4a23\" data-element_type=\"widget\" data-e-type=\"widget\" data-widget_type=\"heading.default\">\n\t\t\t\t<div class=\"elementor-widget-container\">\n\t\t\t\t\t<h2 class=\"elementor-heading-title elementor-size-default\">Split - TC Joker<\/h2>\t\t\t\t<\/div>\n\t\t\t\t<\/div>\n\t\t\t\t<div class=\"elementor-element elementor-element-0cb4cac elementor-widget elementor-widget-text-editor\" data-id=\"0cb4cac\" data-element_type=\"widget\" data-e-type=\"widget\" data-widget_type=\"text-editor.default\">\n\t\t\t\t<div class=\"elementor-widget-container\">\n\t\t\t\t\t\t\t\t\t<p><strong>Address<\/strong>: Put Brodarice 6, Split 21 000\u00a0<\/p><p><strong>Contact<\/strong>: <a href=\"tel:+385995378563\" data-dtype=\"d3ph\" data-local-attribute=\"d3ph\" data-ved=\"2ahUKEwiIhtu5goSHAxXS7QIHHdmJB0QQkAgoAHoECCoQAg\"><span aria-label=\"Call phone number 099 537 8563\">+385 99 537 8563<\/span><\/a><\/p><p><strong>Working hours: <\/strong>Monday - Saturday: 10:00. - 22:00 Sunday: 12:00 - 21:00<\/p>\t\t\t\t\t\t\t\t<\/div>\n\t\t\t\t<\/div>\n\t\t\t\t<\/div>\n\t\t\t\t<\/div>\n\t\t\t\t\t<\/div>\n\t\t\t\t<\/div>\n\t\t<div class=\"elementor-element elementor-element-e264824 e-flex e-con-boxed e-con e-parent\" data-id=\"e264824\" data-element_type=\"container\" data-e-type=\"container\" data-settings=\"{&quot;background_background&quot;:&quot;classic&quot;}\">\n\t\t\t\t\t<div class=\"e-con-inner\">\n\t\t<div class=\"elementor-element elementor-element-5b2fd3d e-con-full e-flex e-con e-child\" data-id=\"5b2fd3d\" data-element_type=\"container\" data-e-type=\"container\">\n\t\t<div class=\"elementor-element elementor-element-cb411ee e-con-full e-flex e-con e-child\" data-id=\"cb411ee\" data-element_type=\"container\" data-e-type=\"container\" data-settings=\"{&quot;background_background&quot;:&quot;classic&quot;}\">\n\t\t\t\t<div class=\"elementor-element elementor-element-c8a1f61 elementor-widget__width-initial elementor-widget elementor-widget-heading\" data-id=\"c8a1f61\" data-element_type=\"widget\" data-e-type=\"widget\" data-widget_type=\"heading.default\">\n\t\t\t\t<div class=\"elementor-widget-container\">\n\t\t\t\t\t<span class=\"elementor-heading-title elementor-size-default\">BAR<\/span>\t\t\t\t<\/div>\n\t\t\t\t<\/div>\n\t\t\t\t<div class=\"elementor-element elementor-element-e22c341 elementor-widget elementor-widget-heading\" data-id=\"e22c341\" data-element_type=\"widget\" data-e-type=\"widget\" data-widget_type=\"heading.default\">\n\t\t\t\t<div class=\"elementor-widget-container\">\n\t\t\t\t\t<h2 class=\"elementor-heading-title elementor-size-default\">Split - City Center One <\/h2>\t\t\t\t<\/div>\n\t\t\t\t<\/div>\n\t\t\t\t<div class=\"elementor-element elementor-element-6146854 elementor-widget elementor-widget-text-editor\" data-id=\"6146854\" data-element_type=\"widget\" data-e-type=\"widget\" data-widget_type=\"text-editor.default\">\n\t\t\t\t<div class=\"elementor-widget-container\">\n\t\t\t\t\t\t\t\t\t<p><strong>Address<\/strong>: Vukovarska ulica 207, Split 21 000<\/p><p><strong>Contact<\/strong>: <a class=\"single-shops__link\" href=\"tel:099\/ 3414 610\">+385 99 3414 610<\/a><\/p><p><strong>Working hours: <\/strong>Ponedjeljak \u2013 subota: 09:00 \u2013 22:00 Nedjelja: Ovisi o radu shopping centra<\/p>\t\t\t\t\t\t\t\t<\/div>\n\t\t\t\t<\/div>\n\t\t\t\t<\/div>\n\t\t\t\t<\/div>\n\t\t<div class=\"elementor-element elementor-element-be56fbe e-con-full e-flex e-con e-child\" data-id=\"be56fbe\" data-element_type=\"container\" data-e-type=\"container\">\n\t\t<div class=\"elementor-element elementor-element-b14f90e e-con-full e-flex e-con e-child\" data-id=\"b14f90e\" data-element_type=\"container\" data-e-type=\"container\" data-settings=\"{&quot;background_background&quot;:&quot;classic&quot;}\">\n\t\t\t\t<div class=\"elementor-element elementor-element-c1639b9 elementor-widget__width-initial elementor-widget elementor-widget-heading\" data-id=\"c1639b9\" data-element_type=\"widget\" data-e-type=\"widget\" data-widget_type=\"heading.default\">\n\t\t\t\t<div class=\"elementor-widget-container\">\n\t\t\t\t\t<span class=\"elementor-heading-title elementor-size-default\">BAR<\/span>\t\t\t\t<\/div>\n\t\t\t\t<\/div>\n\t\t\t\t<div class=\"elementor-element elementor-element-553f764 elementor-widget elementor-widget-heading\" data-id=\"553f764\" data-element_type=\"widget\" data-e-type=\"widget\" data-widget_type=\"heading.default\">\n\t\t\t\t<div class=\"elementor-widget-container\">\n\t\t\t\t\t<h2 class=\"elementor-heading-title elementor-size-default\">Zagreb - City Center One West<\/h2>\t\t\t\t<\/div>\n\t\t\t\t<\/div>\n\t\t\t\t<div class=\"elementor-element elementor-element-a859c07 elementor-widget elementor-widget-text-editor\" data-id=\"a859c07\" data-element_type=\"widget\" data-e-type=\"widget\" data-widget_type=\"text-editor.default\">\n\t\t\t\t<div class=\"elementor-widget-container\">\n\t\t\t\t\t\t\t\t\t<p><strong>Address<\/strong>: Jankomir 33, Zagreb 10 000<\/p><p><strong>Contact<\/strong>: <a href=\"tel:+385995378563\" data-dtype=\"d3ph\" data-local-attribute=\"d3ph\" data-ved=\"2ahUKEwiIhtu5goSHAxXS7QIHHdmJB0QQkAgoAHoECCoQAg\"><span aria-label=\"Call phone number 099 537 8563\">+385 99 537 8563<\/span><\/a><\/p><p><strong>Working hours: <\/strong>Monday \u2013 Saturday: 10:00 AM \u2013 10:00 PM\nSunday: Depends on the shopping center's hours<\/p>\t\t\t\t\t\t\t\t<\/div>\n\t\t\t\t<\/div>\n\t\t\t\t<\/div>\n\t\t\t\t<\/div>\n\t\t\t\t\t<\/div>\n\t\t\t\t<\/div>\n\t\t\t\t<\/div>","protected":false},"excerpt":{"rendered":"<p>Lokacije Na\u0161e okuse potra\u017eite na nekoliko lokacija! Svaki objekt ima svoj spoj doma\u0107e recepture i svje\u017eih sastojaka, pa \u0107ete na [&hellip;]<\/p>\n","protected":false},"author":1,"featured_media":0,"parent":0,"menu_order":0,"comment_status":"closed","ping_status":"closed","template":"","meta":{"site-sidebar-layout":"no-sidebar","site-content-layout":"plain-container","ast-site-content-layout":"default","site-content-style":"default","site-sidebar-style":"default","ast-global-header-display":"","ast-banner-title-visibility":"","ast-main-header-display":"","ast-hfb-above-header-display":"","ast-hfb-below-header-display":"","ast-hfb-mobile-header-display":"","site-post-title":"disabled","ast-breadcrumbs-content":"","ast-featured-img":"","footer-sml-layout":"","ast-disable-related-posts":"","theme-transparent-header-meta":"enabled","adv-header-id-meta":"","stick-header-meta":"","header-above-stick-meta":"","header-main-stick-meta":"","header-below-stick-meta":"","astra-migrate-meta-layouts":"default","ast-page-background-enabled":"default","ast-page-background-meta":{"desktop":{"background-color":"var(--ast-global-color-4)","background-image":"","background-repeat":"repeat","background-position":"center center","background-size":"auto","background-attachment":"scroll","background-type":"","background-media":"","overlay-type":"","overlay-color":"","overlay-opacity":"","overlay-gradient":""},"tablet":{"background-color":"","background-image":"","background-repeat":"repeat","background-position":"center center","background-size":"auto","background-attachment":"scroll","background-type":"","background-media":"","overlay-type":"","overlay-color":"","overlay-opacity":"","overlay-gradient":""},"mobile":{"background-color":"","background-image":"","background-repeat":"repeat","background-position":"center center","background-size":"auto","background-attachment":"scroll","background-type":"","background-media":"","overlay-type":"","overlay-color":"","overlay-opacity":"","overlay-gradient":""}},"ast-content-background-meta":{"desktop":{"background-color":"var(--ast-global-color-5)","background-image":"","background-repeat":"repeat","background-position":"center center","background-size":"auto","background-attachment":"scroll","background-type":"","background-media":"","overlay-type":"","overlay-color":"","overlay-opacity":"","overlay-gradient":""},"tablet":{"background-color":"var(--ast-global-color-5)","background-image":"","background-repeat":"repeat","background-position":"center center","background-size":"auto","background-attachment":"scroll","background-type":"","background-media":"","overlay-type":"","overlay-color":"","overlay-opacity":"","overlay-gradient":""},"mobile":{"background-color":"var(--ast-global-color-5)","background-image":"","background-repeat":"repeat","background-position":"center center","background-size":"auto","background-attachment":"scroll","background-type":"","background-media":"","overlay-type":"","overlay-color":"","overlay-opacity":"","overlay-gradient":""}},"footnotes":""},"class_list":["post-3959","page","type-page","status-publish","hentry"],"yoast_head":"<!-- This site is optimized with the Yoast SEO plugin v27.2 - https:\/\/yoast.com\/product\/yoast-seo-wordpress\/ -->\n<title>Chef&#039;s signature halal grill: Svijet \u0107evapa u Hrvatskoj<\/title>\n<meta name=\"description\" content=\"Dobrodo\u0161li u na\u0161 svijet \u0107evapa gdje se susre\u0107u tradicija, kvaliteta i strast prema savr\u0161enom okusu. Ponosni smo nositelji Halal certifikata.\" \/>\n<meta name=\"robots\" content=\"index, follow, max-snippet:-1, max-image-preview:large, max-video-preview:-1\" \/>\n<link rel=\"canonical\" href=\"https:\/\/chevap.hr\/en\/lokacije\/\" \/>\n<meta property=\"og:locale\" content=\"en_US\" \/>\n<meta property=\"og:type\" content=\"article\" \/>\n<meta property=\"og:title\" content=\"Chevap By Duje Pisac: Svijet Cevapa u Hrvatskoj\" \/>\n<meta property=\"og:description\" content=\"Chevap Dobrodo\u0161li u na\u0161 svijet \u0107evapa u Hrvatskoj, gdje se susre\u0107u tradicija, kvaliteta i strast prema savr\u0161enom okusu. Ponosni smo nositelji Halal certifikata.\" \/>\n<meta property=\"og:url\" content=\"https:\/\/chevap.hr\/en\/lokacije\/\" \/>\n<meta property=\"og:site_name\" content=\"Chevap\" \/>\n<meta property=\"article:modified_time\" content=\"2025-12-12T14:54:22+00:00\" \/>\n<meta property=\"og:image\" content=\"https:\/\/chevap.hr\/wp-content\/uploads\/2024\/06\/chevap_joker-042-scaled.jpg\" \/>\n\t<meta property=\"og:image:width\" content=\"2560\" \/>\n\t<meta property=\"og:image:height\" content=\"1710\" \/>\n\t<meta property=\"og:image:type\" content=\"image\/jpeg\" \/>\n<meta name=\"twitter:card\" content=\"summary_large_image\" \/>\n<meta name=\"twitter:label1\" content=\"Est. reading time\" \/>\n\t<meta name=\"twitter:data1\" content=\"1 minute\" \/>\n<script type=\"application\/ld+json\" class=\"yoast-schema-graph\">{\"@context\":\"https:\/\/schema.org\",\"@graph\":[{\"@type\":\"WebPage\",\"@id\":\"https:\/\/chevap.hr\/lokacije\/\",\"url\":\"https:\/\/chevap.hr\/lokacije\/\",\"name\":\"Chef's signature halal grill: Svijet \u0107evapa u Hrvatskoj\",\"isPartOf\":{\"@id\":\"https:\/\/chevap.hr\/#website\"},\"datePublished\":\"2025-11-02T11:50:54+00:00\",\"dateModified\":\"2025-12-12T14:54:22+00:00\",\"description\":\"Dobrodo\u0161li u na\u0161 svijet \u0107evapa gdje se susre\u0107u tradicija, kvaliteta i strast prema savr\u0161enom okusu. Ponosni smo nositelji Halal certifikata.\",\"breadcrumb\":{\"@id\":\"https:\/\/chevap.hr\/lokacije\/#breadcrumb\"},\"inLanguage\":\"en-US\",\"potentialAction\":[{\"@type\":\"ReadAction\",\"target\":[\"https:\/\/chevap.hr\/lokacije\/\"]}]},{\"@type\":\"BreadcrumbList\",\"@id\":\"https:\/\/chevap.hr\/lokacije\/#breadcrumb\",\"itemListElement\":[{\"@type\":\"ListItem\",\"position\":1,\"name\":\"Home\",\"item\":\"https:\/\/chevap.hr\/\"},{\"@type\":\"ListItem\",\"position\":2,\"name\":\"Lokacije\"}]},{\"@type\":\"WebSite\",\"@id\":\"https:\/\/chevap.hr\/#website\",\"url\":\"https:\/\/chevap.hr\/\",\"name\":\"Chef's signature halal grill\",\"description\":\"\",\"publisher\":{\"@id\":\"https:\/\/chevap.hr\/#organization\"},\"potentialAction\":[{\"@type\":\"SearchAction\",\"target\":{\"@type\":\"EntryPoint\",\"urlTemplate\":\"https:\/\/chevap.hr\/?s={search_term_string}\"},\"query-input\":{\"@type\":\"PropertyValueSpecification\",\"valueRequired\":true,\"valueName\":\"search_term_string\"}}],\"inLanguage\":\"en-US\"},{\"@type\":\"Organization\",\"@id\":\"https:\/\/chevap.hr\/#organization\",\"name\":\"Chevap\",\"url\":\"https:\/\/chevap.hr\/\",\"logo\":{\"@type\":\"ImageObject\",\"inLanguage\":\"en-US\",\"@id\":\"https:\/\/chevap.hr\/#\/schema\/logo\/image\/\",\"url\":\"https:\/\/chevap.hr\/wp-content\/uploads\/2025\/12\/PHOTO-2025-12-12-17-29-15.jpg\",\"contentUrl\":\"https:\/\/chevap.hr\/wp-content\/uploads\/2025\/12\/PHOTO-2025-12-12-17-29-15.jpg\",\"width\":1000,\"height\":1194,\"caption\":\"Chevap\"},\"image\":{\"@id\":\"https:\/\/chevap.hr\/#\/schema\/logo\/image\/\"}}]}<\/script>\n<!-- \/ Yoast SEO plugin. -->","yoast_head_json":{"title":"Chef's signature halal grill: Svijet \u0107evapa u Hrvatskoj","description":"Dobrodo\u0161li u na\u0161 svijet \u0107evapa gdje se susre\u0107u tradicija, kvaliteta i strast prema savr\u0161enom okusu. Ponosni smo nositelji Halal certifikata.","robots":{"index":"index","follow":"follow","max-snippet":"max-snippet:-1","max-image-preview":"max-image-preview:large","max-video-preview":"max-video-preview:-1"},"canonical":"https:\/\/chevap.hr\/en\/lokacije\/","og_locale":"en_US","og_type":"article","og_title":"Chevap By Duje Pisac: Svijet Cevapa u Hrvatskoj","og_description":"Chevap Dobrodo\u0161li u na\u0161 svijet \u0107evapa u Hrvatskoj, gdje se susre\u0107u tradicija, kvaliteta i strast prema savr\u0161enom okusu. Ponosni smo nositelji Halal certifikata.","og_url":"https:\/\/chevap.hr\/en\/lokacije\/","og_site_name":"Chevap","article_modified_time":"2025-12-12T14:54:22+00:00","og_image":[{"width":2560,"height":1710,"url":"https:\/\/chevap.hr\/wp-content\/uploads\/2024\/06\/chevap_joker-042-scaled.jpg","type":"image\/jpeg"}],"twitter_card":"summary_large_image","twitter_misc":{"Est. reading time":"1 minute"},"schema":{"@context":"https:\/\/schema.org","@graph":[{"@type":"WebPage","@id":"https:\/\/chevap.hr\/lokacije\/","url":"https:\/\/chevap.hr\/lokacije\/","name":"Chef's signature halal grill: Svijet \u0107evapa u Hrvatskoj","isPartOf":{"@id":"https:\/\/chevap.hr\/#website"},"datePublished":"2025-11-02T11:50:54+00:00","dateModified":"2025-12-12T14:54:22+00:00","description":"Dobrodo\u0161li u na\u0161 svijet \u0107evapa gdje se susre\u0107u tradicija, kvaliteta i strast prema savr\u0161enom okusu. Ponosni smo nositelji Halal certifikata.","breadcrumb":{"@id":"https:\/\/chevap.hr\/lokacije\/#breadcrumb"},"inLanguage":"en-US","potentialAction":[{"@type":"ReadAction","target":["https:\/\/chevap.hr\/lokacije\/"]}]},{"@type":"BreadcrumbList","@id":"https:\/\/chevap.hr\/lokacije\/#breadcrumb","itemListElement":[{"@type":"ListItem","position":1,"name":"Home","item":"https:\/\/chevap.hr\/"},{"@type":"ListItem","position":2,"name":"Lokacije"}]},{"@type":"WebSite","@id":"https:\/\/chevap.hr\/#website","url":"https:\/\/chevap.hr\/","name":"Chef's signature halal grill","description":"","publisher":{"@id":"https:\/\/chevap.hr\/#organization"},"potentialAction":[{"@type":"SearchAction","target":{"@type":"EntryPoint","urlTemplate":"https:\/\/chevap.hr\/?s={search_term_string}"},"query-input":{"@type":"PropertyValueSpecification","valueRequired":true,"valueName":"search_term_string"}}],"inLanguage":"en-US"},{"@type":"Organization","@id":"https:\/\/chevap.hr\/#organization","name":"Chevap","url":"https:\/\/chevap.hr\/","logo":{"@type":"ImageObject","inLanguage":"en-US","@id":"https:\/\/chevap.hr\/#\/schema\/logo\/image\/","url":"https:\/\/chevap.hr\/wp-content\/uploads\/2025\/12\/PHOTO-2025-12-12-17-29-15.jpg","contentUrl":"https:\/\/chevap.hr\/wp-content\/uploads\/2025\/12\/PHOTO-2025-12-12-17-29-15.jpg","width":1000,"height":1194,"caption":"Chevap"},"image":{"@id":"https:\/\/chevap.hr\/#\/schema\/logo\/image\/"}}]}},"_links":{"self":[{"href":"https:\/\/chevap.hr\/en\/wp-json\/wp\/v2\/pages\/3959","targetHints":{"allow":["GET"]}}],"collection":[{"href":"https:\/\/chevap.hr\/en\/wp-json\/wp\/v2\/pages"}],"about":[{"href":"https:\/\/chevap.hr\/en\/wp-json\/wp\/v2\/types\/page"}],"author":[{"embeddable":true,"href":"https:\/\/chevap.hr\/en\/wp-json\/wp\/v2\/users\/1"}],"replies":[{"embeddable":true,"href":"https:\/\/chevap.hr\/en\/wp-json\/wp\/v2\/comments?post=3959"}],"version-history":[{"count":72,"href":"https:\/\/chevap.hr\/en\/wp-json\/wp\/v2\/pages\/3959\/revisions"}],"predecessor-version":[{"id":4525,"href":"https:\/\/chevap.hr\/en\/wp-json\/wp\/v2\/pages\/3959\/revisions\/4525"}],"wp:attachment":[{"href":"https:\/\/chevap.hr\/en\/wp-json\/wp\/v2\/media?parent=3959"}],"curies":[{"name":"wp","href":"https:\/\/api.w.org\/{rel}","templated":true}]}}