{"id":4694,"date":"2026-02-12T14:46:35","date_gmt":"2026-02-12T14:46:35","guid":{"rendered":"https:\/\/chevap.hr\/?page_id=4694"},"modified":"2026-02-12T15:22:07","modified_gmt":"2026-02-12T15:22:07","slug":"politika-privatnosti","status":"publish","type":"page","link":"https:\/\/chevap.hr\/en\/politika-privatnosti\/","title":{"rendered":"Politika privatnosti"},"content":{"rendered":"<div data-elementor-type=\"wp-page\" data-elementor-id=\"4694\" class=\"elementor elementor-4694\">\n\t\t\t\t<div class=\"elementor-element elementor-element-db1ff7f e-flex e-con-boxed e-con e-parent\" data-id=\"db1ff7f\" data-element_type=\"container\" data-e-type=\"container\" data-settings=\"{&quot;background_background&quot;:&quot;classic&quot;}\">\n\t\t\t\t\t<div class=\"e-con-inner\">\n\t\t<div class=\"elementor-element elementor-element-86d449f e-con-full e-flex e-con e-child\" data-id=\"86d449f\" data-element_type=\"container\" data-e-type=\"container\" data-settings=\"{&quot;background_background&quot;:&quot;classic&quot;}\">\n\t\t\t\t<div class=\"elementor-element elementor-element-412305f elementor-widget elementor-widget-heading\" data-id=\"412305f\" data-element_type=\"widget\" data-e-type=\"widget\" data-widget_type=\"heading.default\">\n\t\t\t\t<div class=\"elementor-widget-container\">\n\t\t\t\t\t<h1 class=\"elementor-heading-title elementor-size-default\">Politika privatnosti<\/h1>\t\t\t\t<\/div>\n\t\t\t\t<\/div>\n\t\t\t\t<\/div>\n\t\t\t\t\t<\/div>\n\t\t\t\t<\/div>\n\t\t<div class=\"elementor-element elementor-element-6c68889 e-flex e-con-boxed e-con e-parent\" data-id=\"6c68889\" data-element_type=\"container\" data-e-type=\"container\" data-settings=\"{&quot;background_background&quot;:&quot;classic&quot;}\">\n\t\t\t\t\t<div class=\"e-con-inner\">\n\t\t\t\t<div class=\"elementor-element elementor-element-2026d9d elementor-widget elementor-widget-text-editor\" data-id=\"2026d9d\" data-element_type=\"widget\" data-e-type=\"widget\" data-widget_type=\"text-editor.default\">\n\t\t\t\t<div class=\"elementor-widget-container\">\n\t\t\t\t\t\t\t\t\t<p data-start=\"255\" data-end=\"319\"><strong data-start=\"255\" data-end=\"272\">Axes d.o.o.<\/strong> vodi brigu o za\u0161titi va\u0161ih osobnih podataka.<\/p><p data-start=\"321\" data-end=\"436\">Adresa: Put Brodarice 6, 21 000 Split<br data-start=\"361\" data-end=\"364\" \/>OIB: 93526604832<\/p><hr data-start=\"438\" data-end=\"441\" \/><p data-start=\"443\" data-end=\"475\"><strong data-start=\"447\" data-end=\"475\">KOJE PODATKE PRIKUPLJAMO<\/strong><\/p><ul data-start=\"477\" data-end=\"641\"><li data-start=\"477\" data-end=\"523\"><p data-start=\"479\" data-end=\"523\">Ime i prezime (kontakt forma)<\/p><\/li><li data-start=\"524\" data-end=\"550\"><p data-start=\"526\" data-end=\"550\">E-mail i broj telefona<\/p><\/li><li data-start=\"551\" data-end=\"604\"><p data-start=\"553\" data-end=\"604\">Tehni\u010dki podaci (IP adresa, preglednik, kola\u010di\u0107i)<\/p><\/li><li data-start=\"605\" data-end=\"641\"><p data-start=\"607\" data-end=\"641\">Podaci izravno poslani putem upita<\/p><\/li><\/ul><hr data-start=\"643\" data-end=\"646\" \/><p data-start=\"648\" data-end=\"674\"><strong data-start=\"652\" data-end=\"674\">SVRHA PRIKUPLJANJA<\/strong><\/p><ul data-start=\"676\" data-end=\"797\"><li data-start=\"676\" data-end=\"711\"><p data-start=\"678\" data-end=\"711\">Odgovori na upite i rezervacije<\/p><\/li><li data-start=\"712\" data-end=\"742\"><p data-start=\"714\" data-end=\"742\">Komunikacija s korisnicima<\/p><\/li><li data-start=\"743\" data-end=\"772\"><p data-start=\"745\" data-end=\"772\">Pobolj\u0161anje weba i usluge<\/p><\/li><li data-start=\"773\" data-end=\"797\"><p data-start=\"775\" data-end=\"797\">Analitika (uz privolu)<\/p><\/li><\/ul><hr data-start=\"799\" data-end=\"802\" \/><p data-start=\"804\" data-end=\"825\"><strong data-start=\"808\" data-end=\"825\">PRAVNA OSNOVA<\/strong><\/p><ul data-start=\"827\" data-end=\"901\"><li data-start=\"827\" data-end=\"848\"><p data-start=\"829\" data-end=\"848\">Privola korisnika<\/p><\/li><li data-start=\"849\" data-end=\"901\"><p data-start=\"851\" data-end=\"901\">Legitimni interes (analitika i pobolj\u0161anje usluge)<\/p><\/li><\/ul><hr data-start=\"903\" data-end=\"906\" \/><p data-start=\"908\" data-end=\"935\"><strong data-start=\"912\" data-end=\"935\">DIJELJENJE PODATAKA<\/strong><\/p><ul data-start=\"937\" data-end=\"1016\"><li data-start=\"937\" data-end=\"977\"><p data-start=\"939\" data-end=\"977\">Ra\u010dunovodstvo i IT pru\u017eatelji usluga<\/p><\/li><li data-start=\"978\" data-end=\"1016\"><p data-start=\"980\" data-end=\"1016\">Dr\u017eavna tijela ako zakon zahtijeva<\/p><\/li><\/ul><p data-start=\"1018\" data-end=\"1085\">Podaci <strong data-start=\"1025\" data-end=\"1042\">se ne prodaju<\/strong> i <strong data-start=\"1045\" data-end=\"1072\">ne koriste za marketing<\/strong> bez privole.<\/p><hr data-start=\"1087\" data-end=\"1090\" \/><p data-start=\"1092\" data-end=\"1118\"><strong data-start=\"1096\" data-end=\"1118\">KOLA\u010cI\u0106I(COOKIES)<\/strong><\/p><ul data-start=\"1120\" data-end=\"1189\"><li data-start=\"1120\" data-end=\"1141\"><p data-start=\"1122\" data-end=\"1141\">Tehni\u010dki kola\u010di\u0107i<\/p><\/li><li data-start=\"1142\" data-end=\"1189\"><p data-start=\"1144\" data-end=\"1189\">Analiti\u010dki kola\u010di\u0107i (npr. Google Analytics)<\/p><\/li><\/ul><p data-start=\"1191\" data-end=\"1307\">Ne-nu\u017eni kola\u010di\u0107i u\u010ditavaju se <strong data-start=\"1222\" data-end=\"1241\">samo uz privolu<\/strong>.<br data-start=\"1242\" data-end=\"1245\" \/>Korisnik mo\u017ee upravljati kola\u010di\u0107ima kroz postavke preglednika.<\/p><hr data-start=\"1309\" data-end=\"1312\" \/><p data-start=\"1314\" data-end=\"1337\"><strong data-start=\"1318\" data-end=\"1337\">PRAVA KORISNIKA<\/strong><\/p><ul data-start=\"1339\" data-end=\"1477\"><li data-start=\"1339\" data-end=\"1370\"><p data-start=\"1341\" data-end=\"1370\">Pristup i ispravak podataka<\/p><\/li><li data-start=\"1371\" data-end=\"1392\"><p data-start=\"1373\" data-end=\"1392\">Brisanje podataka<\/p><\/li><li data-start=\"1393\" data-end=\"1432\"><p data-start=\"1395\" data-end=\"1432\">Ograni\u010denje obrade i opoziv privole<\/p><\/li><li data-start=\"1433\" data-end=\"1457\"><p data-start=\"1435\" data-end=\"1457\">Prenosivost podataka<\/p><\/li><li data-start=\"1458\" data-end=\"1477\"><p data-start=\"1460\" data-end=\"1477\">Pritu\u017eba AZOP-u<\/p><\/li><\/ul><p data-start=\"1479\" data-end=\"1505\">Contact: <strong data-start=\"1488\" data-end=\"1505\">info@joker.hr<\/strong><\/p><hr data-start=\"1507\" data-end=\"1510\" \/><p data-start=\"1512\" data-end=\"1549\">12. velja\u010de 2026.<\/p><p data-start=\"1512\" data-end=\"1549\">\u00a0<\/p>\t\t\t\t\t\t\t\t<\/div>\n\t\t\t\t<\/div>\n\t\t\t\t\t<\/div>\n\t\t\t\t<\/div>\n\t\t\t\t<\/div>","protected":false},"excerpt":{"rendered":"<p>Politika privatnosti Axes d.o.o. vodi brigu o za\u0161titi va\u0161ih osobnih podataka. Adresa: Put Brodarice 6, 21 000 SplitOIB: 93526604832 KOJE [&hellip;]<\/p>\n","protected":false},"author":1,"featured_media":0,"parent":0,"menu_order":0,"comment_status":"closed","ping_status":"closed","template":"","meta":{"site-sidebar-layout":"no-sidebar","site-content-layout":"plain-container","ast-site-content-layout":"default","site-content-style":"default","site-sidebar-style":"default","ast-global-header-display":"","ast-banner-title-visibility":"","ast-main-header-display":"","ast-hfb-above-header-display":"","ast-hfb-below-header-display":"","ast-hfb-mobile-header-display":"","site-post-title":"disabled","ast-breadcrumbs-content":"","ast-featured-img":"","footer-sml-layout":"","ast-disable-related-posts":"","theme-transparent-header-meta":"enabled","adv-header-id-meta":"","stick-header-meta":"","header-above-stick-meta":"","header-main-stick-meta":"","header-below-stick-meta":"","astra-migrate-meta-layouts":"default","ast-page-background-enabled":"default","ast-page-background-meta":{"desktop":{"background-color":"var(--ast-global-color-4)","background-image":"","background-repeat":"repeat","background-position":"center center","background-size":"auto","background-attachment":"scroll","background-type":"","background-media":"","overlay-type":"","overlay-color":"","overlay-opacity":"","overlay-gradient":""},"tablet":{"background-color":"","background-image":"","background-repeat":"repeat","background-position":"center center","background-size":"auto","background-attachment":"scroll","background-type":"","background-media":"","overlay-type":"","overlay-color":"","overlay-opacity":"","overlay-gradient":""},"mobile":{"background-color":"","background-image":"","background-repeat":"repeat","background-position":"center center","background-size":"auto","background-attachment":"scroll","background-type":"","background-media":"","overlay-type":"","overlay-color":"","overlay-opacity":"","overlay-gradient":""}},"ast-content-background-meta":{"desktop":{"background-color":"var(--ast-global-color-5)","background-image":"","background-repeat":"repeat","background-position":"center center","background-size":"auto","background-attachment":"scroll","background-type":"","background-media":"","overlay-type":"","overlay-color":"","overlay-opacity":"","overlay-gradient":""},"tablet":{"background-color":"var(--ast-global-color-5)","background-image":"","background-repeat":"repeat","background-position":"center center","background-size":"auto","background-attachment":"scroll","background-type":"","background-media":"","overlay-type":"","overlay-color":"","overlay-opacity":"","overlay-gradient":""},"mobile":{"background-color":"var(--ast-global-color-5)","background-image":"","background-repeat":"repeat","background-position":"center center","background-size":"auto","background-attachment":"scroll","background-type":"","background-media":"","overlay-type":"","overlay-color":"","overlay-opacity":"","overlay-gradient":""}},"footnotes":""},"class_list":["post-4694","page","type-page","status-publish","hentry"],"yoast_head":"<!-- This site is optimized with the Yoast SEO plugin v27.2 - https:\/\/yoast.com\/product\/yoast-seo-wordpress\/ -->\n<title>Chef&#039;s signature halal grill: Svijet \u0107evapa u Hrvatskoj<\/title>\n<meta name=\"description\" content=\"Dobrodo\u0161li u na\u0161 svijet \u0107evapa gdje se susre\u0107u tradicija, kvaliteta i strast prema savr\u0161enom okusu. Ponosni smo nositelji Halal certifikata.\" \/>\n<meta name=\"robots\" content=\"index, follow, max-snippet:-1, max-image-preview:large, max-video-preview:-1\" \/>\n<link rel=\"canonical\" href=\"https:\/\/chevap.hr\/en\/politika-privatnosti\/\" \/>\n<meta property=\"og:locale\" content=\"en_US\" \/>\n<meta property=\"og:type\" content=\"article\" \/>\n<meta property=\"og:title\" content=\"Chevap By Duje Pisac: Svijet Cevapa u Hrvatskoj\" \/>\n<meta property=\"og:description\" content=\"Chevap Dobrodo\u0161li u na\u0161 svijet \u0107evapa u Hrvatskoj, gdje se susre\u0107u tradicija, kvaliteta i strast prema savr\u0161enom okusu. Ponosni smo nositelji Halal certifikata.\" \/>\n<meta property=\"og:url\" content=\"https:\/\/chevap.hr\/en\/politika-privatnosti\/\" \/>\n<meta property=\"og:site_name\" content=\"Chevap\" \/>\n<meta property=\"article:modified_time\" content=\"2026-02-12T15:22:07+00:00\" \/>\n<meta property=\"og:image\" content=\"https:\/\/chevap.hr\/wp-content\/uploads\/2024\/06\/chevap_joker-042-scaled.jpg\" \/>\n\t<meta property=\"og:image:width\" content=\"2560\" \/>\n\t<meta property=\"og:image:height\" content=\"1710\" \/>\n\t<meta property=\"og:image:type\" content=\"image\/jpeg\" \/>\n<meta name=\"twitter:card\" content=\"summary_large_image\" \/>\n<meta name=\"twitter:label1\" content=\"Est. reading time\" \/>\n\t<meta name=\"twitter:data1\" content=\"1 minute\" \/>\n<script type=\"application\/ld+json\" class=\"yoast-schema-graph\">{\"@context\":\"https:\/\/schema.org\",\"@graph\":[{\"@type\":\"WebPage\",\"@id\":\"https:\/\/chevap.hr\/politika-privatnosti\/\",\"url\":\"https:\/\/chevap.hr\/politika-privatnosti\/\",\"name\":\"Chef's signature halal grill: Svijet \u0107evapa u Hrvatskoj\",\"isPartOf\":{\"@id\":\"https:\/\/chevap.hr\/#website\"},\"datePublished\":\"2026-02-12T14:46:35+00:00\",\"dateModified\":\"2026-02-12T15:22:07+00:00\",\"description\":\"Dobrodo\u0161li u na\u0161 svijet \u0107evapa gdje se susre\u0107u tradicija, kvaliteta i strast prema savr\u0161enom okusu. Ponosni smo nositelji Halal certifikata.\",\"breadcrumb\":{\"@id\":\"https:\/\/chevap.hr\/politika-privatnosti\/#breadcrumb\"},\"inLanguage\":\"en-US\",\"potentialAction\":[{\"@type\":\"ReadAction\",\"target\":[\"https:\/\/chevap.hr\/politika-privatnosti\/\"]}]},{\"@type\":\"BreadcrumbList\",\"@id\":\"https:\/\/chevap.hr\/politika-privatnosti\/#breadcrumb\",\"itemListElement\":[{\"@type\":\"ListItem\",\"position\":1,\"name\":\"Home\",\"item\":\"https:\/\/chevap.hr\/\"},{\"@type\":\"ListItem\",\"position\":2,\"name\":\"Politika privatnosti\"}]},{\"@type\":\"WebSite\",\"@id\":\"https:\/\/chevap.hr\/#website\",\"url\":\"https:\/\/chevap.hr\/\",\"name\":\"Chef's signature halal grill\",\"description\":\"\",\"publisher\":{\"@id\":\"https:\/\/chevap.hr\/#organization\"},\"potentialAction\":[{\"@type\":\"SearchAction\",\"target\":{\"@type\":\"EntryPoint\",\"urlTemplate\":\"https:\/\/chevap.hr\/?s={search_term_string}\"},\"query-input\":{\"@type\":\"PropertyValueSpecification\",\"valueRequired\":true,\"valueName\":\"search_term_string\"}}],\"inLanguage\":\"en-US\"},{\"@type\":\"Organization\",\"@id\":\"https:\/\/chevap.hr\/#organization\",\"name\":\"Chevap\",\"url\":\"https:\/\/chevap.hr\/\",\"logo\":{\"@type\":\"ImageObject\",\"inLanguage\":\"en-US\",\"@id\":\"https:\/\/chevap.hr\/#\/schema\/logo\/image\/\",\"url\":\"https:\/\/chevap.hr\/wp-content\/uploads\/2025\/12\/PHOTO-2025-12-12-17-29-15.jpg\",\"contentUrl\":\"https:\/\/chevap.hr\/wp-content\/uploads\/2025\/12\/PHOTO-2025-12-12-17-29-15.jpg\",\"width\":1000,\"height\":1194,\"caption\":\"Chevap\"},\"image\":{\"@id\":\"https:\/\/chevap.hr\/#\/schema\/logo\/image\/\"}}]}<\/script>\n<!-- \/ Yoast SEO plugin. -->","yoast_head_json":{"title":"Chef's signature halal grill: Svijet \u0107evapa u Hrvatskoj","description":"Dobrodo\u0161li u na\u0161 svijet \u0107evapa gdje se susre\u0107u tradicija, kvaliteta i strast prema savr\u0161enom okusu. Ponosni smo nositelji Halal certifikata.","robots":{"index":"index","follow":"follow","max-snippet":"max-snippet:-1","max-image-preview":"max-image-preview:large","max-video-preview":"max-video-preview:-1"},"canonical":"https:\/\/chevap.hr\/en\/politika-privatnosti\/","og_locale":"en_US","og_type":"article","og_title":"Chevap By Duje Pisac: Svijet Cevapa u Hrvatskoj","og_description":"Chevap Dobrodo\u0161li u na\u0161 svijet \u0107evapa u Hrvatskoj, gdje se susre\u0107u tradicija, kvaliteta i strast prema savr\u0161enom okusu. Ponosni smo nositelji Halal certifikata.","og_url":"https:\/\/chevap.hr\/en\/politika-privatnosti\/","og_site_name":"Chevap","article_modified_time":"2026-02-12T15:22:07+00:00","og_image":[{"width":2560,"height":1710,"url":"https:\/\/chevap.hr\/wp-content\/uploads\/2024\/06\/chevap_joker-042-scaled.jpg","type":"image\/jpeg"}],"twitter_card":"summary_large_image","twitter_misc":{"Est. reading time":"1 minute"},"schema":{"@context":"https:\/\/schema.org","@graph":[{"@type":"WebPage","@id":"https:\/\/chevap.hr\/politika-privatnosti\/","url":"https:\/\/chevap.hr\/politika-privatnosti\/","name":"Chef's signature halal grill: Svijet \u0107evapa u Hrvatskoj","isPartOf":{"@id":"https:\/\/chevap.hr\/#website"},"datePublished":"2026-02-12T14:46:35+00:00","dateModified":"2026-02-12T15:22:07+00:00","description":"Dobrodo\u0161li u na\u0161 svijet \u0107evapa gdje se susre\u0107u tradicija, kvaliteta i strast prema savr\u0161enom okusu. Ponosni smo nositelji Halal certifikata.","breadcrumb":{"@id":"https:\/\/chevap.hr\/politika-privatnosti\/#breadcrumb"},"inLanguage":"en-US","potentialAction":[{"@type":"ReadAction","target":["https:\/\/chevap.hr\/politika-privatnosti\/"]}]},{"@type":"BreadcrumbList","@id":"https:\/\/chevap.hr\/politika-privatnosti\/#breadcrumb","itemListElement":[{"@type":"ListItem","position":1,"name":"Home","item":"https:\/\/chevap.hr\/"},{"@type":"ListItem","position":2,"name":"Politika privatnosti"}]},{"@type":"WebSite","@id":"https:\/\/chevap.hr\/#website","url":"https:\/\/chevap.hr\/","name":"Chef's signature halal grill","description":"","publisher":{"@id":"https:\/\/chevap.hr\/#organization"},"potentialAction":[{"@type":"SearchAction","target":{"@type":"EntryPoint","urlTemplate":"https:\/\/chevap.hr\/?s={search_term_string}"},"query-input":{"@type":"PropertyValueSpecification","valueRequired":true,"valueName":"search_term_string"}}],"inLanguage":"en-US"},{"@type":"Organization","@id":"https:\/\/chevap.hr\/#organization","name":"Chevap","url":"https:\/\/chevap.hr\/","logo":{"@type":"ImageObject","inLanguage":"en-US","@id":"https:\/\/chevap.hr\/#\/schema\/logo\/image\/","url":"https:\/\/chevap.hr\/wp-content\/uploads\/2025\/12\/PHOTO-2025-12-12-17-29-15.jpg","contentUrl":"https:\/\/chevap.hr\/wp-content\/uploads\/2025\/12\/PHOTO-2025-12-12-17-29-15.jpg","width":1000,"height":1194,"caption":"Chevap"},"image":{"@id":"https:\/\/chevap.hr\/#\/schema\/logo\/image\/"}}]}},"_links":{"self":[{"href":"https:\/\/chevap.hr\/en\/wp-json\/wp\/v2\/pages\/4694","targetHints":{"allow":["GET"]}}],"collection":[{"href":"https:\/\/chevap.hr\/en\/wp-json\/wp\/v2\/pages"}],"about":[{"href":"https:\/\/chevap.hr\/en\/wp-json\/wp\/v2\/types\/page"}],"author":[{"embeddable":true,"href":"https:\/\/chevap.hr\/en\/wp-json\/wp\/v2\/users\/1"}],"replies":[{"embeddable":true,"href":"https:\/\/chevap.hr\/en\/wp-json\/wp\/v2\/comments?post=4694"}],"version-history":[{"count":8,"href":"https:\/\/chevap.hr\/en\/wp-json\/wp\/v2\/pages\/4694\/revisions"}],"predecessor-version":[{"id":4710,"href":"https:\/\/chevap.hr\/en\/wp-json\/wp\/v2\/pages\/4694\/revisions\/4710"}],"wp:attachment":[{"href":"https:\/\/chevap.hr\/en\/wp-json\/wp\/v2\/media?parent=4694"}],"curies":[{"name":"wp","href":"https:\/\/api.w.org\/{rel}","templated":true}]}}